{"id":2180,"date":"2025-01-16T21:35:15","date_gmt":"2025-01-16T20:35:15","guid":{"rendered":"https:\/\/www.oscaribbean.org\/site\/?page_id=2180"},"modified":"2025-02-05T20:44:35","modified_gmt":"2025-02-05T19:44:35","slug":"acerca-de-nosotros","status":"publish","type":"page","link":"https:\/\/www.oscaribbean.org\/site\/acerca-de-nosotros\/","title":{"rendered":"Acerca de nosotros"},"content":{"rendered":"\t\t<div data-elementor-type=\"wp-page\" data-elementor-id=\"2180\" class=\"elementor elementor-2180\" data-elementor-post-type=\"page\">\n\t\t\t\t<div class=\"elementor-element elementor-element-fa5832d e-flex e-con-boxed e-con e-parent\" data-id=\"fa5832d\" data-element_type=\"container\" data-e-type=\"container\">\n\t\t\t\t\t<div class=\"e-con-inner\">\n\t\t\t\t<div class=\"elementor-element elementor-element-f09d044 elementor-widget elementor-widget-heading\" data-id=\"f09d044\" data-element_type=\"widget\" data-e-type=\"widget\" data-widget_type=\"heading.default\">\n\t\t\t\t<div class=\"elementor-widget-container\">\n\t\t\t\t\t<h1 class=\"elementor-heading-title elementor-size-default\">\u00bfQui\u00e9nes somos?<\/h1>\t\t\t\t<\/div>\n\t\t\t\t<\/div>\n\t\t\t\t<div class=\"elementor-element elementor-element-016215d elementor-widget elementor-widget-text-editor\" data-id=\"016215d\" data-element_type=\"widget\" data-e-type=\"widget\" data-widget_type=\"text-editor.default\">\n\t\t\t\t<div class=\"elementor-widget-container\">\n\t\t\t\t\t\t\t\t\tOpen Science Caribbean (OSCaribbean) es una iniciativa que nace del compromiso de un grupo de profesionales, acad\u00e9micos y cient\u00edficos de diversas universidades, dedicados al desarrollo de la ciencia en la Rep\u00fablica Dominicana y el Caribe, con especial \u00e9nfasis en la ciencia abierta. Como investigadores y cient\u00edficos, nos enfocamos en brindar asesor\u00eda a instituciones p\u00fablicas y privadas en temas vinculados al quehacer cient\u00edfico.\n\nA partir de las experiencias acumuladas en asesor\u00edas, talleres y conferencias, identificamos la necesidad de establecer una entidad que centralizar\u00e1 los resultados de nuestras actividades relacionadas con la ciencia abierta. As\u00ed surge OSCaribbean, con el prop\u00f3sito de ofrecer un mayor apoyo a la Rep\u00fablica Dominicana y ampliar nuestro impacto en toda la regi\u00f3n del Caribe, fortaleciendo las iniciativas conjuntas entre los pa\u00edses de la regi\u00f3n.\n\nOSCaribbean se presenta como una entidad estrat\u00e9gica para la promoci\u00f3n, capacitaci\u00f3n y desarrollo de la ciencia abierta en la Rep\u00fablica Dominicana y el Caribe. A trav\u00e9s de la integraci\u00f3n, organizaci\u00f3n y difusi\u00f3n de informaci\u00f3n cient\u00edfica de alto impacto, la fundaci\u00f3n se posiciona como un actor relevante en la regi\u00f3n, comprometido con el avance cient\u00edfico y la colaboraci\u00f3n internacional.\t\t\t\t\t\t\t\t<\/div>\n\t\t\t\t<\/div>\n\t\t\t\t\t<\/div>\n\t\t\t\t<\/div>\n\t\t<div class=\"elementor-element elementor-element-259b621 e-flex e-con-boxed e-con e-parent\" data-id=\"259b621\" data-element_type=\"container\" data-e-type=\"container\">\n\t\t\t\t\t<div class=\"e-con-inner\">\n\t\t<div class=\"elementor-element elementor-element-abc69c7 e-con-full e-flex e-con e-child\" data-id=\"abc69c7\" data-element_type=\"container\" data-e-type=\"container\">\n\t\t\t\t<div class=\"elementor-element elementor-element-36b5860 elementor-widget elementor-widget-heading\" data-id=\"36b5860\" data-element_type=\"widget\" data-e-type=\"widget\" data-widget_type=\"heading.default\">\n\t\t\t\t<div class=\"elementor-widget-container\">\n\t\t\t\t\t<h1 class=\"elementor-heading-title elementor-size-default\">Misi\u00f3n<\/h1>\t\t\t\t<\/div>\n\t\t\t\t<\/div>\n\t\t\t\t<div class=\"elementor-element elementor-element-176f534 elementor-widget elementor-widget-text-editor\" data-id=\"176f534\" data-element_type=\"widget\" data-e-type=\"widget\" data-widget_type=\"text-editor.default\">\n\t\t\t\t<div class=\"elementor-widget-container\">\n\t\t\t\t\t\t\t\t\t<p>Ser un pilar fundamental en la promoci\u00f3n y difusi\u00f3n del conocimiento cient\u00edfico en acceso abierto, a trav\u00e9s de las tecnolog\u00edas de la informaci\u00f3n y la comunicaci\u00f3n (TIC), programas de capacitaci\u00f3n y la gesti\u00f3n de proyectos innovadores que impulsen la construcci\u00f3n de una cultura de investigaci\u00f3n en la regi\u00f3n del <strong>Caribe<\/strong>.<\/p>\t\t\t\t\t\t\t\t<\/div>\n\t\t\t\t<\/div>\n\t\t\t\t<\/div>\n\t\t<div class=\"elementor-element elementor-element-f49eadb e-con-full e-flex e-con e-child\" data-id=\"f49eadb\" data-element_type=\"container\" data-e-type=\"container\">\n\t\t\t\t<div class=\"elementor-element elementor-element-6a360dc elementor-widget elementor-widget-heading\" data-id=\"6a360dc\" data-element_type=\"widget\" data-e-type=\"widget\" data-widget_type=\"heading.default\">\n\t\t\t\t<div class=\"elementor-widget-container\">\n\t\t\t\t\t<h1 class=\"elementor-heading-title elementor-size-default\">Visi\u00f3n<\/h1>\t\t\t\t<\/div>\n\t\t\t\t<\/div>\n\t\t\t\t<div class=\"elementor-element elementor-element-6e298ad elementor-widget elementor-widget-text-editor\" data-id=\"6e298ad\" data-element_type=\"widget\" data-e-type=\"widget\" data-widget_type=\"text-editor.default\">\n\t\t\t\t<div class=\"elementor-widget-container\">\n\t\t\t\t\t\t\t\t\t<p>Impactar toda la Rep\u00fablica Dominicana y la regi\u00f3n del Caribe a trav\u00e9s de la <strong>Ciencia Abierta, <\/strong>abriendo nuevos escenarios de colaboraci\u00f3n internacional para el fortalecimiento de la ciencia global.<\/p>\t\t\t\t\t\t\t\t<\/div>\n\t\t\t\t<\/div>\n\t\t\t\t<\/div>\n\t\t\t\t\t<\/div>\n\t\t\t\t<\/div>\n\t\t\t\t<\/div>\n\t\t","protected":false},"excerpt":{"rendered":"<p>\u00bfQui\u00e9nes somos? Open Science Caribbean (OSCaribbean) es una iniciativa que nace del compromiso de un grupo de profesionales, acad\u00e9micos y cient\u00edficos de diversas universidades, dedicados al desarrollo de la ciencia en la Rep\u00fablica Dominicana y el Caribe, con especial \u00e9nfasis en la ciencia abierta. Como investigadores y cient\u00edficos, nos enfocamos en brindar asesor\u00eda a instituciones [&hellip;]<\/p>\n","protected":false},"author":1,"featured_media":0,"parent":0,"menu_order":0,"comment_status":"closed","ping_status":"closed","template":"elementor_header_footer","meta":{"footnotes":""},"class_list":["post-2180","page","type-page","status-publish","hentry"],"yoast_head":"<!-- This site is optimized with the Yoast SEO plugin v27.3 - https:\/\/yoast.com\/product\/yoast-seo-wordpress\/ -->\n<title>Acerca de nosotros - OSCaribbean<\/title>\n<meta name=\"robots\" content=\"index, follow, max-snippet:-1, max-image-preview:large, max-video-preview:-1\" \/>\n<link rel=\"canonical\" href=\"https:\/\/www.oscaribbean.org\/site\/acerca-de-nosotros\/\" \/>\n<meta property=\"og:locale\" content=\"es_ES\" \/>\n<meta property=\"og:type\" content=\"article\" \/>\n<meta property=\"og:title\" content=\"Acerca de nosotros - OSCaribbean\" \/>\n<meta property=\"og:description\" content=\"\u00bfQui\u00e9nes somos? Open Science Caribbean (OSCaribbean) es una iniciativa que nace del compromiso de un grupo de profesionales, acad\u00e9micos y cient\u00edficos de diversas universidades, dedicados al desarrollo de la ciencia en la Rep\u00fablica Dominicana y el Caribe, con especial \u00e9nfasis en la ciencia abierta. Como investigadores y cient\u00edficos, nos enfocamos en brindar asesor\u00eda a instituciones [&hellip;]\" \/>\n<meta property=\"og:url\" content=\"https:\/\/www.oscaribbean.org\/site\/acerca-de-nosotros\/\" \/>\n<meta property=\"og:site_name\" content=\"OSCaribbean\" \/>\n<meta property=\"article:publisher\" content=\"https:\/\/www.facebook.com\/oscaribbeanrd\" \/>\n<meta property=\"article:modified_time\" content=\"2025-02-05T19:44:35+00:00\" \/>\n<meta property=\"og:image\" content=\"https:\/\/www.oscaribbean.org\/site\/wp-content\/uploads\/2025\/01\/Logo_OSCaribbean1.webp\" \/>\n\t<meta property=\"og:image:width\" content=\"587\" \/>\n\t<meta property=\"og:image:height\" content=\"265\" \/>\n\t<meta property=\"og:image:type\" content=\"image\/webp\" \/>\n<meta name=\"twitter:card\" content=\"summary_large_image\" \/>\n<meta name=\"twitter:label1\" content=\"Tiempo de lectura\" \/>\n\t<meta name=\"twitter:data1\" content=\"2 minutos\" \/>\n<script type=\"application\/ld+json\" class=\"yoast-schema-graph\">{\"@context\":\"https:\\\/\\\/schema.org\",\"@graph\":[{\"@type\":\"WebPage\",\"@id\":\"https:\\\/\\\/www.oscaribbean.org\\\/site\\\/acerca-de-nosotros\\\/\",\"url\":\"https:\\\/\\\/www.oscaribbean.org\\\/site\\\/acerca-de-nosotros\\\/\",\"name\":\"Acerca de nosotros - OSCaribbean\",\"isPartOf\":{\"@id\":\"https:\\\/\\\/www.oscaribbean.org\\\/site\\\/#website\"},\"datePublished\":\"2025-01-16T20:35:15+00:00\",\"dateModified\":\"2025-02-05T19:44:35+00:00\",\"breadcrumb\":{\"@id\":\"https:\\\/\\\/www.oscaribbean.org\\\/site\\\/acerca-de-nosotros\\\/#breadcrumb\"},\"inLanguage\":\"es\",\"potentialAction\":[{\"@type\":\"ReadAction\",\"target\":[\"https:\\\/\\\/www.oscaribbean.org\\\/site\\\/acerca-de-nosotros\\\/\"]}]},{\"@type\":\"BreadcrumbList\",\"@id\":\"https:\\\/\\\/www.oscaribbean.org\\\/site\\\/acerca-de-nosotros\\\/#breadcrumb\",\"itemListElement\":[{\"@type\":\"ListItem\",\"position\":1,\"name\":\"Portada\",\"item\":\"https:\\\/\\\/www.oscaribbean.org\\\/site\\\/\"},{\"@type\":\"ListItem\",\"position\":2,\"name\":\"Acerca de nosotros\"}]},{\"@type\":\"WebSite\",\"@id\":\"https:\\\/\\\/www.oscaribbean.org\\\/site\\\/#website\",\"url\":\"https:\\\/\\\/www.oscaribbean.org\\\/site\\\/\",\"name\":\"OSCaribbean\",\"description\":\"Open Science Caribbean\",\"publisher\":{\"@id\":\"https:\\\/\\\/www.oscaribbean.org\\\/site\\\/#organization\"},\"potentialAction\":[{\"@type\":\"SearchAction\",\"target\":{\"@type\":\"EntryPoint\",\"urlTemplate\":\"https:\\\/\\\/www.oscaribbean.org\\\/site\\\/?s={search_term_string}\"},\"query-input\":{\"@type\":\"PropertyValueSpecification\",\"valueRequired\":true,\"valueName\":\"search_term_string\"}}],\"inLanguage\":\"es\"},{\"@type\":\"Organization\",\"@id\":\"https:\\\/\\\/www.oscaribbean.org\\\/site\\\/#organization\",\"name\":\"OSCaribbean\",\"url\":\"https:\\\/\\\/www.oscaribbean.org\\\/site\\\/\",\"logo\":{\"@type\":\"ImageObject\",\"inLanguage\":\"es\",\"@id\":\"https:\\\/\\\/www.oscaribbean.org\\\/site\\\/#\\\/schema\\\/logo\\\/image\\\/\",\"url\":\"https:\\\/\\\/www.oscaribbean.org\\\/site\\\/wp-content\\\/uploads\\\/2024\\\/11\\\/Logo_OSCaribbean.svg\",\"contentUrl\":\"https:\\\/\\\/www.oscaribbean.org\\\/site\\\/wp-content\\\/uploads\\\/2024\\\/11\\\/Logo_OSCaribbean.svg\",\"width\":141,\"height\":56,\"caption\":\"OSCaribbean\"},\"image\":{\"@id\":\"https:\\\/\\\/www.oscaribbean.org\\\/site\\\/#\\\/schema\\\/logo\\\/image\\\/\"},\"sameAs\":[\"https:\\\/\\\/www.facebook.com\\\/oscaribbeanrd\"]}]}<\/script>\n<!-- \/ Yoast SEO plugin. -->","yoast_head_json":{"title":"Acerca de nosotros - OSCaribbean","robots":{"index":"index","follow":"follow","max-snippet":"max-snippet:-1","max-image-preview":"max-image-preview:large","max-video-preview":"max-video-preview:-1"},"canonical":"https:\/\/www.oscaribbean.org\/site\/acerca-de-nosotros\/","og_locale":"es_ES","og_type":"article","og_title":"Acerca de nosotros - OSCaribbean","og_description":"\u00bfQui\u00e9nes somos? Open Science Caribbean (OSCaribbean) es una iniciativa que nace del compromiso de un grupo de profesionales, acad\u00e9micos y cient\u00edficos de diversas universidades, dedicados al desarrollo de la ciencia en la Rep\u00fablica Dominicana y el Caribe, con especial \u00e9nfasis en la ciencia abierta. Como investigadores y cient\u00edficos, nos enfocamos en brindar asesor\u00eda a instituciones [&hellip;]","og_url":"https:\/\/www.oscaribbean.org\/site\/acerca-de-nosotros\/","og_site_name":"OSCaribbean","article_publisher":"https:\/\/www.facebook.com\/oscaribbeanrd","article_modified_time":"2025-02-05T19:44:35+00:00","og_image":[{"width":587,"height":265,"url":"https:\/\/www.oscaribbean.org\/site\/wp-content\/uploads\/2025\/01\/Logo_OSCaribbean1.webp","type":"image\/webp"}],"twitter_card":"summary_large_image","twitter_misc":{"Tiempo de lectura":"2 minutos"},"schema":{"@context":"https:\/\/schema.org","@graph":[{"@type":"WebPage","@id":"https:\/\/www.oscaribbean.org\/site\/acerca-de-nosotros\/","url":"https:\/\/www.oscaribbean.org\/site\/acerca-de-nosotros\/","name":"Acerca de nosotros - OSCaribbean","isPartOf":{"@id":"https:\/\/www.oscaribbean.org\/site\/#website"},"datePublished":"2025-01-16T20:35:15+00:00","dateModified":"2025-02-05T19:44:35+00:00","breadcrumb":{"@id":"https:\/\/www.oscaribbean.org\/site\/acerca-de-nosotros\/#breadcrumb"},"inLanguage":"es","potentialAction":[{"@type":"ReadAction","target":["https:\/\/www.oscaribbean.org\/site\/acerca-de-nosotros\/"]}]},{"@type":"BreadcrumbList","@id":"https:\/\/www.oscaribbean.org\/site\/acerca-de-nosotros\/#breadcrumb","itemListElement":[{"@type":"ListItem","position":1,"name":"Portada","item":"https:\/\/www.oscaribbean.org\/site\/"},{"@type":"ListItem","position":2,"name":"Acerca de nosotros"}]},{"@type":"WebSite","@id":"https:\/\/www.oscaribbean.org\/site\/#website","url":"https:\/\/www.oscaribbean.org\/site\/","name":"OSCaribbean","description":"Open Science Caribbean","publisher":{"@id":"https:\/\/www.oscaribbean.org\/site\/#organization"},"potentialAction":[{"@type":"SearchAction","target":{"@type":"EntryPoint","urlTemplate":"https:\/\/www.oscaribbean.org\/site\/?s={search_term_string}"},"query-input":{"@type":"PropertyValueSpecification","valueRequired":true,"valueName":"search_term_string"}}],"inLanguage":"es"},{"@type":"Organization","@id":"https:\/\/www.oscaribbean.org\/site\/#organization","name":"OSCaribbean","url":"https:\/\/www.oscaribbean.org\/site\/","logo":{"@type":"ImageObject","inLanguage":"es","@id":"https:\/\/www.oscaribbean.org\/site\/#\/schema\/logo\/image\/","url":"https:\/\/www.oscaribbean.org\/site\/wp-content\/uploads\/2024\/11\/Logo_OSCaribbean.svg","contentUrl":"https:\/\/www.oscaribbean.org\/site\/wp-content\/uploads\/2024\/11\/Logo_OSCaribbean.svg","width":141,"height":56,"caption":"OSCaribbean"},"image":{"@id":"https:\/\/www.oscaribbean.org\/site\/#\/schema\/logo\/image\/"},"sameAs":["https:\/\/www.facebook.com\/oscaribbeanrd"]}]}},"_links":{"self":[{"href":"https:\/\/www.oscaribbean.org\/site\/wp-json\/wp\/v2\/pages\/2180","targetHints":{"allow":["GET"]}}],"collection":[{"href":"https:\/\/www.oscaribbean.org\/site\/wp-json\/wp\/v2\/pages"}],"about":[{"href":"https:\/\/www.oscaribbean.org\/site\/wp-json\/wp\/v2\/types\/page"}],"author":[{"embeddable":true,"href":"https:\/\/www.oscaribbean.org\/site\/wp-json\/wp\/v2\/users\/1"}],"replies":[{"embeddable":true,"href":"https:\/\/www.oscaribbean.org\/site\/wp-json\/wp\/v2\/comments?post=2180"}],"version-history":[{"count":38,"href":"https:\/\/www.oscaribbean.org\/site\/wp-json\/wp\/v2\/pages\/2180\/revisions"}],"predecessor-version":[{"id":2756,"href":"https:\/\/www.oscaribbean.org\/site\/wp-json\/wp\/v2\/pages\/2180\/revisions\/2756"}],"wp:attachment":[{"href":"https:\/\/www.oscaribbean.org\/site\/wp-json\/wp\/v2\/media?parent=2180"}],"curies":[{"name":"wp","href":"https:\/\/api.w.org\/{rel}","templated":true}]}}